{"id":14751,"date":"2023-10-25T13:30:11","date_gmt":"2023-10-25T13:30:11","guid":{"rendered":"https:\/\/vivacetechnik.simple.al\/?page_id=14751"},"modified":"2023-10-26T08:30:23","modified_gmt":"2023-10-26T08:30:23","slug":"agb","status":"publish","type":"page","link":"https:\/\/vivacetechnik.simple.al\/de\/agb\/","title":{"rendered":"AGB"},"content":{"rendered":"\t\t<div data-elementor-type=\"wp-page\" data-elementor-id=\"14751\" class=\"elementor elementor-14751\">\n\t\t\t\t\t\t\t\t\t<section class=\"elementor-section elementor-top-section elementor-element elementor-element-13536fd elementor-section-full_width elementor-section-height-default elementor-section-height-default\" data-id=\"13536fd\" data-element_type=\"section\">\n\t\t\t\t\t\t<div class=\"elementor-container elementor-column-gap-default\">\n\t\t\t\t\t<div class=\"elementor-column elementor-col-100 elementor-top-column elementor-element elementor-element-672133d\" data-id=\"672133d\" data-element_type=\"column\">\n\t\t\t<div class=\"elementor-widget-wrap elementor-element-populated\">\n\t\t\t\t\t\t\t\t<div class=\"elementor-element elementor-element-b9b59ea elementor-widget elementor-widget-text-editor\" data-id=\"b9b59ea\" data-element_type=\"widget\" id=\"first\" data-widget_type=\"text-editor.default\">\n\t\t\t\t<div class=\"elementor-widget-container\">\n\t\t\t<style>\/*! elementor - v3.12.2 - 23-04-2023 *\/\n.elementor-widget-text-editor.elementor-drop-cap-view-stacked .elementor-drop-cap{background-color:#69727d;color:#fff}.elementor-widget-text-editor.elementor-drop-cap-view-framed .elementor-drop-cap{color:#69727d;border:3px solid;background-color:transparent}.elementor-widget-text-editor:not(.elementor-drop-cap-view-default) .elementor-drop-cap{margin-top:8px}.elementor-widget-text-editor:not(.elementor-drop-cap-view-default) .elementor-drop-cap-letter{width:1em;height:1em}.elementor-widget-text-editor .elementor-drop-cap{float:left;text-align:center;line-height:1;font-size:50px}.elementor-widget-text-editor .elementor-drop-cap-letter{display:inline-block}<\/style>\t\t\t\t<span style=\"vertical-align: inherit;\"><span style=\"vertical-align: inherit;\">AGB<\/span><\/span>\t\t\t\t\t\t<\/div>\n\t\t\t\t<\/div>\n\t\t\t\t\t<\/div>\n\t\t<\/div>\n\t\t\t\t\t\t\t<\/div>\n\t\t<\/section>\n\t\t\t\t<section class=\"elementor-section elementor-top-section elementor-element elementor-element-434aa97 elementor-section-full_width elementor-section-height-default elementor-section-height-default\" data-id=\"434aa97\" data-element_type=\"section\">\n\t\t\t\t\t\t<div class=\"elementor-container elementor-column-gap-default\">\n\t\t\t\t\t<div class=\"elementor-column elementor-col-100 elementor-top-column elementor-element elementor-element-a830523\" data-id=\"a830523\" data-element_type=\"column\">\n\t\t\t<div class=\"elementor-widget-wrap elementor-element-populated\">\n\t\t\t\t\t\t\t\t<div class=\"elementor-element elementor-element-2e21ef8 elementor-widget elementor-widget-text-editor\" data-id=\"2e21ef8\" data-element_type=\"widget\" id=\"second\" data-widget_type=\"text-editor.default\">\n\t\t\t\t<div class=\"elementor-widget-container\">\n\t\t\t\t\t\t\t<p><span style=\"font-weight: 500;\">Nutzungsbedingungen und Geistiges Eigentum<\/span><br \/>Die auf unseren Websites erw\u00e4hnten Produkte und Dienstleistungen sollen den Kunden, Website-Besuchern und anderweitig interessierten Personen einen Eindruck \u00fcber unsere T\u00e4tigkeitsgebiete vermitteln. Sie beinhalten weder konkrete, bestellfertige Angebote noch sind sie als Einladungen oder Aufforderungen zur Datenbekanntgabe zu verstehen, es sei denn, dies w\u00e4re auf einer Website ausdr\u00fccklich vorgesehen.<br \/>S\u00e4mtliche Inhalte der Websites sind urheberrechtlich gesch\u00fctzt und d\u00fcrfen ohne vorg\u00e4ngige ausdr\u00fcckliche Zustimmung des Website-Betreibers weder ganz noch teilweise reproduziert oder f\u00fcr andere Zwecke verwendet werden.<br \/>Die Website und jedes ihrer Bestandteile, einschliesslich insbesondere Marken, Texte, Abbildungen, Logos, Firmennamen, Produkte und Fotografien stehen im alleinigen Eigentum von der Vivace Technik oder ihrer Konzerngesellschaften. Die Marke Vivace Technik und alle Handelsmarken, auf die auf der Website Bezug genommen wird, sind eingetragene Marken. Jegliche Reproduktion, Wiederverwendung und Verwertung, ob in G\u00e4nze oder teilweise, ist daher verboten.<\/p><p><span style=\"font-weight: 500;\">Haftungshinweis<\/span><br \/>Die Inhalte dieser Websites werden mit gr\u00f6sstm\u00f6glicher Sorgfalt erstellt. Der Betreiber \u00fcbernimmt jedoch keine Gew\u00e4hr f\u00fcr die Richtigkeit, Vollst\u00e4ndigkeit, Verf\u00fcgbarkeit und Aktualit\u00e4t der bereitgestellten Inhalte.<br \/>Benutzer dieser Website verwenden sie ausschliesslich auf ihr eigenes Risiko, und der Betreiber \u00fcbernimmt keinerlei Gew\u00e4hr in Bezug auf eine solche Verwendung, ob ausdr\u00fccklich oder konkludent.<br \/>Diese Website enth\u00e4lt Links auf andere Websites. F\u00fcr den Inhalt und die Funktion dieser verlinkten Websites sind ausschliesslich deren Betreiber verantwortlich.<\/p><p><span style=\"font-weight: 500;\">Betreiber der Webseite<\/span><br \/>Vivace Technik GmbH<br \/>Bahnhofplatz 4<br \/>8153 R\u00fcmlang<br \/>Telephone 044 688 18 28<br \/>info@vivacetechnik.ch<\/p>\t\t\t\t\t\t<\/div>\n\t\t\t\t<\/div>\n\t\t\t\t\t<\/div>\n\t\t<\/div>\n\t\t\t\t\t\t\t<\/div>\n\t\t<\/section>\n\t\t\t\t\t\t\t<\/div>\n\t\t","protected":false},"excerpt":{"rendered":"<p>AGB Nutzungsbedingungen und Geistiges EigentumDie auf unseren Websites erw\u00e4hnten Produkte und Dienstleistungen sollen den Kunden, Website-Besuchern und anderweitig interessierten Personen einen Eindruck \u00fcber unsere T\u00e4tigkeitsgebiete vermitteln. Sie beinhalten weder konkrete, bestellfertige Angebote noch sind sie als Einladungen oder Aufforderungen zur Datenbekanntgabe zu verstehen, es sei denn, dies w\u00e4re auf einer Website ausdr\u00fccklich vorgesehen.S\u00e4mtliche Inhalte der [&hellip;]<\/p>\n","protected":false},"author":1,"featured_media":0,"parent":0,"menu_order":0,"comment_status":"closed","ping_status":"closed","template":"","meta":{"footnotes":""},"class_list":["post-14751","page","type-page","status-publish","hentry"],"yoast_head":"<!-- This site is optimized with the Yoast SEO plugin v21.5 - https:\/\/yoast.com\/wordpress\/plugins\/seo\/ -->\n<title>AGB - vivacetechnik.ch<\/title>\n<meta name=\"robots\" content=\"index, follow, max-snippet:-1, max-image-preview:large, max-video-preview:-1\" \/>\n<link rel=\"canonical\" href=\"https:\/\/vivacetechnik.simple.al\/de\/agb\/\" \/>\n<meta property=\"og:locale\" content=\"de_DE\" \/>\n<meta property=\"og:type\" content=\"article\" \/>\n<meta property=\"og:title\" content=\"AGB - vivacetechnik.ch\" \/>\n<meta property=\"og:description\" content=\"AGB Nutzungsbedingungen und Geistiges EigentumDie auf unseren Websites erw\u00e4hnten Produkte und Dienstleistungen sollen den Kunden, Website-Besuchern und anderweitig interessierten Personen einen Eindruck \u00fcber unsere T\u00e4tigkeitsgebiete vermitteln. Sie beinhalten weder konkrete, bestellfertige Angebote noch sind sie als Einladungen oder Aufforderungen zur Datenbekanntgabe zu verstehen, es sei denn, dies w\u00e4re auf einer Website ausdr\u00fccklich vorgesehen.S\u00e4mtliche Inhalte der [&hellip;]\" \/>\n<meta property=\"og:url\" content=\"https:\/\/vivacetechnik.simple.al\/de\/agb\/\" \/>\n<meta property=\"og:site_name\" content=\"vivacetechnik.ch\" \/>\n<meta property=\"article:modified_time\" content=\"2023-10-26T08:30:23+00:00\" \/>\n<meta name=\"twitter:card\" content=\"summary_large_image\" \/>\n<meta name=\"twitter:label1\" content=\"Gesch\u00e4tzte Lesezeit\" \/>\n\t<meta name=\"twitter:data1\" content=\"1\u00a0Minute\" \/>\n<script type=\"application\/ld+json\" class=\"yoast-schema-graph\">{\"@context\":\"https:\/\/schema.org\",\"@graph\":[{\"@type\":\"WebPage\",\"@id\":\"https:\/\/vivacetechnik.simple.al\/de\/agb\/\",\"url\":\"https:\/\/vivacetechnik.simple.al\/de\/agb\/\",\"name\":\"AGB - vivacetechnik.ch\",\"isPartOf\":{\"@id\":\"https:\/\/vivacetechnik.simple.al\/de\/#website\"},\"datePublished\":\"2023-10-25T13:30:11+00:00\",\"dateModified\":\"2023-10-26T08:30:23+00:00\",\"breadcrumb\":{\"@id\":\"https:\/\/vivacetechnik.simple.al\/de\/agb\/#breadcrumb\"},\"inLanguage\":\"de\",\"potentialAction\":[{\"@type\":\"ReadAction\",\"target\":[\"https:\/\/vivacetechnik.simple.al\/de\/agb\/\"]}]},{\"@type\":\"BreadcrumbList\",\"@id\":\"https:\/\/vivacetechnik.simple.al\/de\/agb\/#breadcrumb\",\"itemListElement\":[{\"@type\":\"ListItem\",\"position\":1,\"name\":\"Startseite\",\"item\":\"https:\/\/vivacetechnik.simple.al\/de\/\"},{\"@type\":\"ListItem\",\"position\":2,\"name\":\"AGB\"}]},{\"@type\":\"WebSite\",\"@id\":\"https:\/\/vivacetechnik.simple.al\/de\/#website\",\"url\":\"https:\/\/vivacetechnik.simple.al\/de\/\",\"name\":\"vivacetechnik.ch\",\"description\":\"Vivace Technik GmbH\",\"publisher\":{\"@id\":\"https:\/\/vivacetechnik.simple.al\/de\/#organization\"},\"potentialAction\":[{\"@type\":\"SearchAction\",\"target\":{\"@type\":\"EntryPoint\",\"urlTemplate\":\"https:\/\/vivacetechnik.simple.al\/de\/?s={search_term_string}\"},\"query-input\":\"required name=search_term_string\"}],\"inLanguage\":\"de\"},{\"@type\":\"Organization\",\"@id\":\"https:\/\/vivacetechnik.simple.al\/de\/#organization\",\"name\":\"vivacetechnik.ch\",\"url\":\"https:\/\/vivacetechnik.simple.al\/de\/\",\"logo\":{\"@type\":\"ImageObject\",\"inLanguage\":\"de\",\"@id\":\"https:\/\/vivacetechnik.simple.al\/de\/#\/schema\/logo\/image\/\",\"url\":\"https:\/\/vivacetechnik.simple.al\/wp-content\/uploads\/2023\/04\/Vivace_Technik_logo__.svg\",\"contentUrl\":\"https:\/\/vivacetechnik.simple.al\/wp-content\/uploads\/2023\/04\/Vivace_Technik_logo__.svg\",\"width\":229,\"height\":61,\"caption\":\"vivacetechnik.ch\"},\"image\":{\"@id\":\"https:\/\/vivacetechnik.simple.al\/de\/#\/schema\/logo\/image\/\"}}]}<\/script>\n<!-- \/ Yoast SEO plugin. -->","yoast_head_json":{"title":"AGB - vivacetechnik.ch","robots":{"index":"index","follow":"follow","max-snippet":"max-snippet:-1","max-image-preview":"max-image-preview:large","max-video-preview":"max-video-preview:-1"},"canonical":"https:\/\/vivacetechnik.simple.al\/de\/agb\/","og_locale":"de_DE","og_type":"article","og_title":"AGB - vivacetechnik.ch","og_description":"AGB Nutzungsbedingungen und Geistiges EigentumDie auf unseren Websites erw\u00e4hnten Produkte und Dienstleistungen sollen den Kunden, Website-Besuchern und anderweitig interessierten Personen einen Eindruck \u00fcber unsere T\u00e4tigkeitsgebiete vermitteln. Sie beinhalten weder konkrete, bestellfertige Angebote noch sind sie als Einladungen oder Aufforderungen zur Datenbekanntgabe zu verstehen, es sei denn, dies w\u00e4re auf einer Website ausdr\u00fccklich vorgesehen.S\u00e4mtliche Inhalte der [&hellip;]","og_url":"https:\/\/vivacetechnik.simple.al\/de\/agb\/","og_site_name":"vivacetechnik.ch","article_modified_time":"2023-10-26T08:30:23+00:00","twitter_card":"summary_large_image","twitter_misc":{"Gesch\u00e4tzte Lesezeit":"1\u00a0Minute"},"schema":{"@context":"https:\/\/schema.org","@graph":[{"@type":"WebPage","@id":"https:\/\/vivacetechnik.simple.al\/de\/agb\/","url":"https:\/\/vivacetechnik.simple.al\/de\/agb\/","name":"AGB - vivacetechnik.ch","isPartOf":{"@id":"https:\/\/vivacetechnik.simple.al\/de\/#website"},"datePublished":"2023-10-25T13:30:11+00:00","dateModified":"2023-10-26T08:30:23+00:00","breadcrumb":{"@id":"https:\/\/vivacetechnik.simple.al\/de\/agb\/#breadcrumb"},"inLanguage":"de","potentialAction":[{"@type":"ReadAction","target":["https:\/\/vivacetechnik.simple.al\/de\/agb\/"]}]},{"@type":"BreadcrumbList","@id":"https:\/\/vivacetechnik.simple.al\/de\/agb\/#breadcrumb","itemListElement":[{"@type":"ListItem","position":1,"name":"Startseite","item":"https:\/\/vivacetechnik.simple.al\/de\/"},{"@type":"ListItem","position":2,"name":"AGB"}]},{"@type":"WebSite","@id":"https:\/\/vivacetechnik.simple.al\/de\/#website","url":"https:\/\/vivacetechnik.simple.al\/de\/","name":"vivacetechnik.ch","description":"Vivace Technik GmbH","publisher":{"@id":"https:\/\/vivacetechnik.simple.al\/de\/#organization"},"potentialAction":[{"@type":"SearchAction","target":{"@type":"EntryPoint","urlTemplate":"https:\/\/vivacetechnik.simple.al\/de\/?s={search_term_string}"},"query-input":"required name=search_term_string"}],"inLanguage":"de"},{"@type":"Organization","@id":"https:\/\/vivacetechnik.simple.al\/de\/#organization","name":"vivacetechnik.ch","url":"https:\/\/vivacetechnik.simple.al\/de\/","logo":{"@type":"ImageObject","inLanguage":"de","@id":"https:\/\/vivacetechnik.simple.al\/de\/#\/schema\/logo\/image\/","url":"https:\/\/vivacetechnik.simple.al\/wp-content\/uploads\/2023\/04\/Vivace_Technik_logo__.svg","contentUrl":"https:\/\/vivacetechnik.simple.al\/wp-content\/uploads\/2023\/04\/Vivace_Technik_logo__.svg","width":229,"height":61,"caption":"vivacetechnik.ch"},"image":{"@id":"https:\/\/vivacetechnik.simple.al\/de\/#\/schema\/logo\/image\/"}}]}},"_links":{"self":[{"href":"https:\/\/vivacetechnik.simple.al\/de\/wp-json\/wp\/v2\/pages\/14751","targetHints":{"allow":["GET"]}}],"collection":[{"href":"https:\/\/vivacetechnik.simple.al\/de\/wp-json\/wp\/v2\/pages"}],"about":[{"href":"https:\/\/vivacetechnik.simple.al\/de\/wp-json\/wp\/v2\/types\/page"}],"author":[{"embeddable":true,"href":"https:\/\/vivacetechnik.simple.al\/de\/wp-json\/wp\/v2\/users\/1"}],"replies":[{"embeddable":true,"href":"https:\/\/vivacetechnik.simple.al\/de\/wp-json\/wp\/v2\/comments?post=14751"}],"version-history":[{"count":94,"href":"https:\/\/vivacetechnik.simple.al\/de\/wp-json\/wp\/v2\/pages\/14751\/revisions"}],"predecessor-version":[{"id":14922,"href":"https:\/\/vivacetechnik.simple.al\/de\/wp-json\/wp\/v2\/pages\/14751\/revisions\/14922"}],"wp:attachment":[{"href":"https:\/\/vivacetechnik.simple.al\/de\/wp-json\/wp\/v2\/media?parent=14751"}],"curies":[{"name":"wp","href":"https:\/\/api.w.org\/{rel}","templated":true}]}}