{"id":14869,"date":"2023-10-25T15:41:57","date_gmt":"2023-10-25T15:41:57","guid":{"rendered":"https:\/\/vivacetechnik.simple.al\/?page_id=14869"},"modified":"2023-10-25T15:56:15","modified_gmt":"2023-10-25T15:56:15","slug":"impressum","status":"publish","type":"page","link":"https:\/\/vivacetechnik.simple.al\/de\/impressum\/","title":{"rendered":"Impressum"},"content":{"rendered":"\t\t<div data-elementor-type=\"wp-page\" data-elementor-id=\"14869\" class=\"elementor elementor-14869\">\n\t\t\t\t\t\t\t\t\t<section class=\"elementor-section elementor-top-section elementor-element elementor-element-13536fd elementor-section-full_width elementor-section-height-default elementor-section-height-default\" data-id=\"13536fd\" data-element_type=\"section\">\n\t\t\t\t\t\t<div class=\"elementor-container elementor-column-gap-default\">\n\t\t\t\t\t<div class=\"elementor-column elementor-col-100 elementor-top-column elementor-element elementor-element-672133d\" data-id=\"672133d\" data-element_type=\"column\">\n\t\t\t<div class=\"elementor-widget-wrap elementor-element-populated\">\n\t\t\t\t\t\t\t\t<div class=\"elementor-element elementor-element-b9b59ea elementor-widget elementor-widget-text-editor\" data-id=\"b9b59ea\" data-element_type=\"widget\" id=\"first\" data-widget_type=\"text-editor.default\">\n\t\t\t\t<div class=\"elementor-widget-container\">\n\t\t\t<style>\/*! elementor - v3.12.2 - 23-04-2023 *\/\n.elementor-widget-text-editor.elementor-drop-cap-view-stacked .elementor-drop-cap{background-color:#69727d;color:#fff}.elementor-widget-text-editor.elementor-drop-cap-view-framed .elementor-drop-cap{color:#69727d;border:3px solid;background-color:transparent}.elementor-widget-text-editor:not(.elementor-drop-cap-view-default) .elementor-drop-cap{margin-top:8px}.elementor-widget-text-editor:not(.elementor-drop-cap-view-default) .elementor-drop-cap-letter{width:1em;height:1em}.elementor-widget-text-editor .elementor-drop-cap{float:left;text-align:center;line-height:1;font-size:50px}.elementor-widget-text-editor .elementor-drop-cap-letter{display:inline-block}<\/style>\t\t\t\t<span style=\"vertical-align: inherit;\"><span style=\"vertical-align: inherit;\">Impressum<\/span><\/span>\t\t\t\t\t\t<\/div>\n\t\t\t\t<\/div>\n\t\t\t\t\t<\/div>\n\t\t<\/div>\n\t\t\t\t\t\t\t<\/div>\n\t\t<\/section>\n\t\t\t\t<section class=\"elementor-section elementor-top-section elementor-element elementor-element-434aa97 elementor-section-full_width elementor-section-height-default elementor-section-height-default\" data-id=\"434aa97\" data-element_type=\"section\">\n\t\t\t\t\t\t<div class=\"elementor-container elementor-column-gap-default\">\n\t\t\t\t\t<div class=\"elementor-column elementor-col-100 elementor-top-column elementor-element elementor-element-a830523\" data-id=\"a830523\" data-element_type=\"column\">\n\t\t\t<div class=\"elementor-widget-wrap elementor-element-populated\">\n\t\t\t\t\t\t\t\t<div class=\"elementor-element elementor-element-2e21ef8 elementor-widget elementor-widget-text-editor\" data-id=\"2e21ef8\" data-element_type=\"widget\" id=\"second\" data-widget_type=\"text-editor.default\">\n\t\t\t\t<div class=\"elementor-widget-container\">\n\t\t\t\t\t\t\t<p><span style=\"font-weight: 500;\">Kontaktadresse \/ Autor<\/span><br \/>Vivace Technik GmbH<br \/>Bahnhofplatz 4<br \/>8153 R\u00fcmlang<br \/><a href=\"mailto:info@vivacetechnik.ch\">info@vivacetechnik.ch<\/a><\/p><p><span style=\"font-weight: 500;\">Vertretungsberechtigte Person<\/span><br \/>Vivace Ivan<\/p><p><span style=\"font-weight: 500;\">Handelsregistereintrag<\/span><br \/>Eingetragener Firmenname: Vivace Technik GmbH<br \/>Nummer: CHE-155.453.883<\/p><p><span style=\"font-weight: 500;\">Haftungsausschluss<\/span><br \/>Die Informationen auf dieser Webseite werden regelm\u00e4ssig gepr\u00fcft und aktualisiert. Trotz aller Sorgfalt k\u00f6nnen sich die Angaben inzwischen ver\u00e4ndert haben. Hinsichtlich der inhaltlichen Richtigkeit, Genauigkeit, Aktualit\u00e4t, Zuverl\u00e4ssigkeit und Vollst\u00e4ndigkeit der Informationen \u00fcbernimmt der Autor deshalb keinerlei Gew\u00e4hr.<br \/>Haftungsanspr\u00fcche gegen den Autor wegen Sch\u00e4den materieller oder immaterieller Art, welche aus dem Zugriff oder der Nutzung bzw. Nichtnutzung der ver\u00f6ffentlichten Informationen, durch Missbrauch der Verbindung oder durch technische St\u00f6rungen entstanden sind, werden ausgeschlossen.<br \/>Alle Angebote sind unverbindlich. Der Autor beh\u00e4lt es sich ausdr\u00fccklich vor, Teile der Seiten oder das gesamte Angebot ohne gesonderte Ank\u00fcndigung zu ver\u00e4ndern, zu erg\u00e4nzen, zu l\u00f6schen oder die Ver\u00f6ffentlichung zeitweise oder endg\u00fcltig einzustellen.<\/p><p><span style=\"font-weight: 500;\">Haftung f\u00fcr Links<\/span><br \/>Verweise und Links auf Webseiten Dritter liegen ausserhalb unseres Verantwortungsbereichs. Jegliche Verantwortung f\u00fcr solche Webseiten wird abgelehnt. Der Zugriff und die Nutzung solcher Webseiten erfolgen auf eigene Gefahr des Nutzers oder der Nutzerin.<\/p><p><span style=\"font-weight: 500;\">Urheberrechte<\/span><br \/>Die Urheber- und alle anderen Rechte an Inhalten, Bildern, Fotos oder anderen Dateien auf dieser Website geh\u00f6ren ausschliesslich dem Autor oder den speziell genannten Rechteinhabern. Download, Vervielf\u00e4ltigung, Bearbeitung, \u00dcbersetzung, Einspeicherung, Verarbeitung bzw. Wiedergabe von Inhalten in Datenbanken oder anderen elektronischen Medien und Systemen f\u00fcr kommerzielle Zwecke ist ohne vorherige schriftliche Zustimmung des Rechteinhabers untersagt. Fotokopien und Downloads von Web-Seiten d\u00fcrfen nur f\u00fcr den pers\u00f6nlichen, privaten und nicht-kommerziellen Gebrauch hergestellt werden.<\/p><p><span style=\"font-weight: 500;\">Design &amp; Gestaltung<\/span><br \/>SibeSiech GmbH<br \/>Hekuran Avdili<br \/>Adlikerstrasse 255<br \/>8105 Regensdorf<\/p><p><span style=\"font-weight: 500;\">Programmierung<\/span><\/p>\t\t\t\t\t\t<\/div>\n\t\t\t\t<\/div>\n\t\t\t\t\t<\/div>\n\t\t<\/div>\n\t\t\t\t\t\t\t<\/div>\n\t\t<\/section>\n\t\t\t\t\t\t\t<\/div>\n\t\t","protected":false},"excerpt":{"rendered":"<p>Impressum Kontaktadresse \/ AutorVivace Technik GmbHBahnhofplatz 48153 R\u00fcmlanginfo@vivacetechnik.ch Vertretungsberechtigte PersonVivace Ivan HandelsregistereintragEingetragener Firmenname: Vivace Technik GmbHNummer: CHE-155.453.883 HaftungsausschlussDie Informationen auf dieser Webseite werden regelm\u00e4ssig gepr\u00fcft und aktualisiert. Trotz aller Sorgfalt k\u00f6nnen sich die Angaben inzwischen ver\u00e4ndert haben. Hinsichtlich der inhaltlichen Richtigkeit, Genauigkeit, Aktualit\u00e4t, Zuverl\u00e4ssigkeit und Vollst\u00e4ndigkeit der Informationen \u00fcbernimmt der Autor deshalb keinerlei Gew\u00e4hr.Haftungsanspr\u00fcche gegen [&hellip;]<\/p>\n","protected":false},"author":1,"featured_media":0,"parent":0,"menu_order":0,"comment_status":"closed","ping_status":"closed","template":"","meta":{"footnotes":""},"class_list":["post-14869","page","type-page","status-publish","hentry"],"yoast_head":"<!-- This site is optimized with the Yoast SEO plugin v21.5 - https:\/\/yoast.com\/wordpress\/plugins\/seo\/ -->\n<title>Impressum - vivacetechnik.ch<\/title>\n<meta name=\"robots\" content=\"index, follow, max-snippet:-1, max-image-preview:large, max-video-preview:-1\" \/>\n<link rel=\"canonical\" href=\"https:\/\/vivacetechnik.simple.al\/de\/impressum\/\" \/>\n<meta property=\"og:locale\" content=\"de_DE\" \/>\n<meta property=\"og:type\" content=\"article\" \/>\n<meta property=\"og:title\" content=\"Impressum - vivacetechnik.ch\" \/>\n<meta property=\"og:description\" content=\"Impressum Kontaktadresse \/ AutorVivace Technik GmbHBahnhofplatz 48153 R\u00fcmlanginfo@vivacetechnik.ch Vertretungsberechtigte PersonVivace Ivan HandelsregistereintragEingetragener Firmenname: Vivace Technik GmbHNummer: CHE-155.453.883 HaftungsausschlussDie Informationen auf dieser Webseite werden regelm\u00e4ssig gepr\u00fcft und aktualisiert. Trotz aller Sorgfalt k\u00f6nnen sich die Angaben inzwischen ver\u00e4ndert haben. Hinsichtlich der inhaltlichen Richtigkeit, Genauigkeit, Aktualit\u00e4t, Zuverl\u00e4ssigkeit und Vollst\u00e4ndigkeit der Informationen \u00fcbernimmt der Autor deshalb keinerlei Gew\u00e4hr.Haftungsanspr\u00fcche gegen [&hellip;]\" \/>\n<meta property=\"og:url\" content=\"https:\/\/vivacetechnik.simple.al\/de\/impressum\/\" \/>\n<meta property=\"og:site_name\" content=\"vivacetechnik.ch\" \/>\n<meta property=\"article:modified_time\" content=\"2023-10-25T15:56:15+00:00\" \/>\n<meta name=\"twitter:card\" content=\"summary_large_image\" \/>\n<meta name=\"twitter:label1\" content=\"Gesch\u00e4tzte Lesezeit\" \/>\n\t<meta name=\"twitter:data1\" content=\"1\u00a0Minute\" \/>\n<script type=\"application\/ld+json\" class=\"yoast-schema-graph\">{\"@context\":\"https:\/\/schema.org\",\"@graph\":[{\"@type\":\"WebPage\",\"@id\":\"https:\/\/vivacetechnik.simple.al\/de\/impressum\/\",\"url\":\"https:\/\/vivacetechnik.simple.al\/de\/impressum\/\",\"name\":\"Impressum - vivacetechnik.ch\",\"isPartOf\":{\"@id\":\"https:\/\/vivacetechnik.simple.al\/de\/#website\"},\"datePublished\":\"2023-10-25T15:41:57+00:00\",\"dateModified\":\"2023-10-25T15:56:15+00:00\",\"breadcrumb\":{\"@id\":\"https:\/\/vivacetechnik.simple.al\/de\/impressum\/#breadcrumb\"},\"inLanguage\":\"de\",\"potentialAction\":[{\"@type\":\"ReadAction\",\"target\":[\"https:\/\/vivacetechnik.simple.al\/de\/impressum\/\"]}]},{\"@type\":\"BreadcrumbList\",\"@id\":\"https:\/\/vivacetechnik.simple.al\/de\/impressum\/#breadcrumb\",\"itemListElement\":[{\"@type\":\"ListItem\",\"position\":1,\"name\":\"Startseite\",\"item\":\"https:\/\/vivacetechnik.simple.al\/de\/\"},{\"@type\":\"ListItem\",\"position\":2,\"name\":\"Impressum\"}]},{\"@type\":\"WebSite\",\"@id\":\"https:\/\/vivacetechnik.simple.al\/de\/#website\",\"url\":\"https:\/\/vivacetechnik.simple.al\/de\/\",\"name\":\"vivacetechnik.ch\",\"description\":\"Vivace Technik GmbH\",\"publisher\":{\"@id\":\"https:\/\/vivacetechnik.simple.al\/de\/#organization\"},\"potentialAction\":[{\"@type\":\"SearchAction\",\"target\":{\"@type\":\"EntryPoint\",\"urlTemplate\":\"https:\/\/vivacetechnik.simple.al\/de\/?s={search_term_string}\"},\"query-input\":\"required name=search_term_string\"}],\"inLanguage\":\"de\"},{\"@type\":\"Organization\",\"@id\":\"https:\/\/vivacetechnik.simple.al\/de\/#organization\",\"name\":\"vivacetechnik.ch\",\"url\":\"https:\/\/vivacetechnik.simple.al\/de\/\",\"logo\":{\"@type\":\"ImageObject\",\"inLanguage\":\"de\",\"@id\":\"https:\/\/vivacetechnik.simple.al\/de\/#\/schema\/logo\/image\/\",\"url\":\"https:\/\/vivacetechnik.simple.al\/wp-content\/uploads\/2023\/04\/Vivace_Technik_logo__.svg\",\"contentUrl\":\"https:\/\/vivacetechnik.simple.al\/wp-content\/uploads\/2023\/04\/Vivace_Technik_logo__.svg\",\"width\":229,\"height\":61,\"caption\":\"vivacetechnik.ch\"},\"image\":{\"@id\":\"https:\/\/vivacetechnik.simple.al\/de\/#\/schema\/logo\/image\/\"}}]}<\/script>\n<!-- \/ Yoast SEO plugin. -->","yoast_head_json":{"title":"Impressum - vivacetechnik.ch","robots":{"index":"index","follow":"follow","max-snippet":"max-snippet:-1","max-image-preview":"max-image-preview:large","max-video-preview":"max-video-preview:-1"},"canonical":"https:\/\/vivacetechnik.simple.al\/de\/impressum\/","og_locale":"de_DE","og_type":"article","og_title":"Impressum - vivacetechnik.ch","og_description":"Impressum Kontaktadresse \/ AutorVivace Technik GmbHBahnhofplatz 48153 R\u00fcmlanginfo@vivacetechnik.ch Vertretungsberechtigte PersonVivace Ivan HandelsregistereintragEingetragener Firmenname: Vivace Technik GmbHNummer: CHE-155.453.883 HaftungsausschlussDie Informationen auf dieser Webseite werden regelm\u00e4ssig gepr\u00fcft und aktualisiert. Trotz aller Sorgfalt k\u00f6nnen sich die Angaben inzwischen ver\u00e4ndert haben. Hinsichtlich der inhaltlichen Richtigkeit, Genauigkeit, Aktualit\u00e4t, Zuverl\u00e4ssigkeit und Vollst\u00e4ndigkeit der Informationen \u00fcbernimmt der Autor deshalb keinerlei Gew\u00e4hr.Haftungsanspr\u00fcche gegen [&hellip;]","og_url":"https:\/\/vivacetechnik.simple.al\/de\/impressum\/","og_site_name":"vivacetechnik.ch","article_modified_time":"2023-10-25T15:56:15+00:00","twitter_card":"summary_large_image","twitter_misc":{"Gesch\u00e4tzte Lesezeit":"1\u00a0Minute"},"schema":{"@context":"https:\/\/schema.org","@graph":[{"@type":"WebPage","@id":"https:\/\/vivacetechnik.simple.al\/de\/impressum\/","url":"https:\/\/vivacetechnik.simple.al\/de\/impressum\/","name":"Impressum - vivacetechnik.ch","isPartOf":{"@id":"https:\/\/vivacetechnik.simple.al\/de\/#website"},"datePublished":"2023-10-25T15:41:57+00:00","dateModified":"2023-10-25T15:56:15+00:00","breadcrumb":{"@id":"https:\/\/vivacetechnik.simple.al\/de\/impressum\/#breadcrumb"},"inLanguage":"de","potentialAction":[{"@type":"ReadAction","target":["https:\/\/vivacetechnik.simple.al\/de\/impressum\/"]}]},{"@type":"BreadcrumbList","@id":"https:\/\/vivacetechnik.simple.al\/de\/impressum\/#breadcrumb","itemListElement":[{"@type":"ListItem","position":1,"name":"Startseite","item":"https:\/\/vivacetechnik.simple.al\/de\/"},{"@type":"ListItem","position":2,"name":"Impressum"}]},{"@type":"WebSite","@id":"https:\/\/vivacetechnik.simple.al\/de\/#website","url":"https:\/\/vivacetechnik.simple.al\/de\/","name":"vivacetechnik.ch","description":"Vivace Technik GmbH","publisher":{"@id":"https:\/\/vivacetechnik.simple.al\/de\/#organization"},"potentialAction":[{"@type":"SearchAction","target":{"@type":"EntryPoint","urlTemplate":"https:\/\/vivacetechnik.simple.al\/de\/?s={search_term_string}"},"query-input":"required name=search_term_string"}],"inLanguage":"de"},{"@type":"Organization","@id":"https:\/\/vivacetechnik.simple.al\/de\/#organization","name":"vivacetechnik.ch","url":"https:\/\/vivacetechnik.simple.al\/de\/","logo":{"@type":"ImageObject","inLanguage":"de","@id":"https:\/\/vivacetechnik.simple.al\/de\/#\/schema\/logo\/image\/","url":"https:\/\/vivacetechnik.simple.al\/wp-content\/uploads\/2023\/04\/Vivace_Technik_logo__.svg","contentUrl":"https:\/\/vivacetechnik.simple.al\/wp-content\/uploads\/2023\/04\/Vivace_Technik_logo__.svg","width":229,"height":61,"caption":"vivacetechnik.ch"},"image":{"@id":"https:\/\/vivacetechnik.simple.al\/de\/#\/schema\/logo\/image\/"}}]}},"_links":{"self":[{"href":"https:\/\/vivacetechnik.simple.al\/de\/wp-json\/wp\/v2\/pages\/14869","targetHints":{"allow":["GET"]}}],"collection":[{"href":"https:\/\/vivacetechnik.simple.al\/de\/wp-json\/wp\/v2\/pages"}],"about":[{"href":"https:\/\/vivacetechnik.simple.al\/de\/wp-json\/wp\/v2\/types\/page"}],"author":[{"embeddable":true,"href":"https:\/\/vivacetechnik.simple.al\/de\/wp-json\/wp\/v2\/users\/1"}],"replies":[{"embeddable":true,"href":"https:\/\/vivacetechnik.simple.al\/de\/wp-json\/wp\/v2\/comments?post=14869"}],"version-history":[{"count":25,"href":"https:\/\/vivacetechnik.simple.al\/de\/wp-json\/wp\/v2\/pages\/14869\/revisions"}],"predecessor-version":[{"id":14895,"href":"https:\/\/vivacetechnik.simple.al\/de\/wp-json\/wp\/v2\/pages\/14869\/revisions\/14895"}],"wp:attachment":[{"href":"https:\/\/vivacetechnik.simple.al\/de\/wp-json\/wp\/v2\/media?parent=14869"}],"curies":[{"name":"wp","href":"https:\/\/api.w.org\/{rel}","templated":true}]}}